{"id":73,"date":"2025-07-06T10:35:27","date_gmt":"2025-07-06T14:35:27","guid":{"rendered":"https:\/\/boreart.mahlea.ca\/about-us\/"},"modified":"2025-10-01T08:15:33","modified_gmt":"2025-10-01T12:15:33","slug":"a-propos","status":"publish","type":"page","link":"https:\/\/boreart.mahlea.ca\/fr\/a-propos\/","title":{"rendered":"\u00c0 propos"},"content":{"rendered":"\n<p>Bor\u00e9art est une entreprise Qu\u00e9b\u00e9coise d\u00e9di\u00e9e \u00e0 la cr\u00e9ation de produits architecturaux haut de gamme qui allient innovation, durabilit\u00e9 et design.<\/p>\n\n\n\n<p>Notre expertise repose sur la fabrication sur mesure de murs et plafonds insonorisant, d&rsquo;\u00e9l\u00e9gants \u00e9crans d&rsquo;intimit\u00e9 et de grilles de ventilation ornementales &#8211; tous con\u00e7us avec soins et pr\u00e9cision.<\/p>\n\n\n\n<p>Port\u00e9s par une \u00e9quipe jeune et dynamique, nous croyons que le design architectural doit \u00eatre \u00e0 la fois inspirant et accessible. En privil\u00e9giant la fabrication locale et les principes de l&rsquo;\u00e9conomie circulaire, nous r\u00e9duisons notre impact environnemental tout en soutenant une \u00e9conomie durable fond\u00e9e sur l&rsquo;innovation et le savoir-faire.<\/p>\n\n\n\n<p>Chez Bor\u00e9art, nous ne faisons pas que fabriquer des produits &#8211; nous contribuons \u00e0 fa\u00e7onner des espaces aussi fonctionnels qu&rsquo;esth\u00e9tiques, b\u00e2tissant l&rsquo;avenir de l&rsquo;architecture un projet \u00e0 la fois.<\/p>\n\n\n\n<p><\/p>\n","protected":false},"excerpt":{"rendered":"<p>Bor\u00e9art est une entreprise Qu\u00e9b\u00e9coise d\u00e9di\u00e9e \u00e0 la cr\u00e9ation de produits architecturaux haut de gamme qui allient innovation, durabilit\u00e9 et design. Notre expertise repose sur la fabrication sur mesure de murs et plafonds insonorisant, d&rsquo;\u00e9l\u00e9gants \u00e9crans d&rsquo;intimit\u00e9 et de grilles de ventilation ornementales &#8211; tous con\u00e7us avec soins et pr\u00e9cision. Port\u00e9s par une \u00e9quipe jeune [&hellip;]<\/p>\n","protected":false},"author":1,"featured_media":0,"parent":0,"menu_order":0,"comment_status":"closed","ping_status":"closed","template":"about.php","meta":{"_acf_changed":false,"footnotes":""},"class_list":["post-73","page","type-page","status-publish","hentry"],"acf":[],"yoast_head":"<!-- This site is optimized with the Yoast SEO plugin v26.0 - https:\/\/yoast.com\/wordpress\/plugins\/seo\/ -->\n<title>\u00c0 propos - Boreart | Con\u00e7us pour les architectes<\/title>\n<meta name=\"robots\" content=\"index, follow, max-snippet:-1, max-image-preview:large, max-video-preview:-1\" \/>\n<link rel=\"canonical\" href=\"https:\/\/boreart.mahlea.ca\/fr\/a-propos\/\" \/>\n<meta property=\"og:locale\" content=\"fr_FR\" \/>\n<meta property=\"og:type\" content=\"article\" \/>\n<meta property=\"og:title\" content=\"\u00c0 propos - Boreart | Con\u00e7us pour les architectes\" \/>\n<meta property=\"og:description\" content=\"Bor\u00e9art est une entreprise Qu\u00e9b\u00e9coise d\u00e9di\u00e9e \u00e0 la cr\u00e9ation de produits architecturaux haut de gamme qui allient innovation, durabilit\u00e9 et design. Notre expertise repose sur la fabrication sur mesure de murs et plafonds insonorisant, d&rsquo;\u00e9l\u00e9gants \u00e9crans d&rsquo;intimit\u00e9 et de grilles de ventilation ornementales &#8211; tous con\u00e7us avec soins et pr\u00e9cision. Port\u00e9s par une \u00e9quipe jeune [&hellip;]\" \/>\n<meta property=\"og:url\" content=\"https:\/\/boreart.mahlea.ca\/fr\/a-propos\/\" \/>\n<meta property=\"og:site_name\" content=\"Boreart | Con\u00e7us pour les architectes\" \/>\n<meta property=\"article:modified_time\" content=\"2025-10-01T12:15:33+00:00\" \/>\n<meta name=\"twitter:card\" content=\"summary_large_image\" \/>\n<meta name=\"twitter:label1\" content=\"Dur\u00e9e de lecture estim\u00e9e\" \/>\n\t<meta name=\"twitter:data1\" content=\"1 minute\" \/>\n<script type=\"application\/ld+json\" class=\"yoast-schema-graph\">{\"@context\":\"https:\/\/schema.org\",\"@graph\":[{\"@type\":\"WebPage\",\"@id\":\"https:\/\/boreart.mahlea.ca\/fr\/a-propos\/\",\"url\":\"https:\/\/boreart.mahlea.ca\/fr\/a-propos\/\",\"name\":\"\u00c0 propos - Boreart | Con\u00e7us pour les architectes\",\"isPartOf\":{\"@id\":\"https:\/\/boreart.mahlea.ca\/en\/#website\"},\"datePublished\":\"2025-07-06T14:35:27+00:00\",\"dateModified\":\"2025-10-01T12:15:33+00:00\",\"breadcrumb\":{\"@id\":\"https:\/\/boreart.mahlea.ca\/fr\/a-propos\/#breadcrumb\"},\"inLanguage\":\"fr-FR\",\"potentialAction\":[{\"@type\":\"ReadAction\",\"target\":[\"https:\/\/boreart.mahlea.ca\/fr\/a-propos\/\"]}]},{\"@type\":\"BreadcrumbList\",\"@id\":\"https:\/\/boreart.mahlea.ca\/fr\/a-propos\/#breadcrumb\",\"itemListElement\":[{\"@type\":\"ListItem\",\"position\":1,\"name\":\"Home\",\"item\":\"https:\/\/boreart.mahlea.ca\/fr\/\"},{\"@type\":\"ListItem\",\"position\":2,\"name\":\"\u00c0 propos\"}]},{\"@type\":\"WebSite\",\"@id\":\"https:\/\/boreart.mahlea.ca\/en\/#website\",\"url\":\"https:\/\/boreart.mahlea.ca\/en\/\",\"name\":\"Boreart | Con\u00e7us pour les architectes\",\"description\":\"\",\"potentialAction\":[{\"@type\":\"SearchAction\",\"target\":{\"@type\":\"EntryPoint\",\"urlTemplate\":\"https:\/\/boreart.mahlea.ca\/en\/?s={search_term_string}\"},\"query-input\":{\"@type\":\"PropertyValueSpecification\",\"valueRequired\":true,\"valueName\":\"search_term_string\"}}],\"inLanguage\":\"fr-FR\"}]}<\/script>\n<!-- \/ Yoast SEO plugin. -->","yoast_head_json":{"title":"\u00c0 propos - Boreart | Con\u00e7us pour les architectes","robots":{"index":"index","follow":"follow","max-snippet":"max-snippet:-1","max-image-preview":"max-image-preview:large","max-video-preview":"max-video-preview:-1"},"canonical":"https:\/\/boreart.mahlea.ca\/fr\/a-propos\/","og_locale":"fr_FR","og_type":"article","og_title":"\u00c0 propos - Boreart | Con\u00e7us pour les architectes","og_description":"Bor\u00e9art est une entreprise Qu\u00e9b\u00e9coise d\u00e9di\u00e9e \u00e0 la cr\u00e9ation de produits architecturaux haut de gamme qui allient innovation, durabilit\u00e9 et design. Notre expertise repose sur la fabrication sur mesure de murs et plafonds insonorisant, d&rsquo;\u00e9l\u00e9gants \u00e9crans d&rsquo;intimit\u00e9 et de grilles de ventilation ornementales &#8211; tous con\u00e7us avec soins et pr\u00e9cision. Port\u00e9s par une \u00e9quipe jeune [&hellip;]","og_url":"https:\/\/boreart.mahlea.ca\/fr\/a-propos\/","og_site_name":"Boreart | Con\u00e7us pour les architectes","article_modified_time":"2025-10-01T12:15:33+00:00","twitter_card":"summary_large_image","twitter_misc":{"Dur\u00e9e de lecture estim\u00e9e":"1 minute"},"schema":{"@context":"https:\/\/schema.org","@graph":[{"@type":"WebPage","@id":"https:\/\/boreart.mahlea.ca\/fr\/a-propos\/","url":"https:\/\/boreart.mahlea.ca\/fr\/a-propos\/","name":"\u00c0 propos - Boreart | Con\u00e7us pour les architectes","isPartOf":{"@id":"https:\/\/boreart.mahlea.ca\/en\/#website"},"datePublished":"2025-07-06T14:35:27+00:00","dateModified":"2025-10-01T12:15:33+00:00","breadcrumb":{"@id":"https:\/\/boreart.mahlea.ca\/fr\/a-propos\/#breadcrumb"},"inLanguage":"fr-FR","potentialAction":[{"@type":"ReadAction","target":["https:\/\/boreart.mahlea.ca\/fr\/a-propos\/"]}]},{"@type":"BreadcrumbList","@id":"https:\/\/boreart.mahlea.ca\/fr\/a-propos\/#breadcrumb","itemListElement":[{"@type":"ListItem","position":1,"name":"Home","item":"https:\/\/boreart.mahlea.ca\/fr\/"},{"@type":"ListItem","position":2,"name":"\u00c0 propos"}]},{"@type":"WebSite","@id":"https:\/\/boreart.mahlea.ca\/en\/#website","url":"https:\/\/boreart.mahlea.ca\/en\/","name":"Boreart | Con\u00e7us pour les architectes","description":"","potentialAction":[{"@type":"SearchAction","target":{"@type":"EntryPoint","urlTemplate":"https:\/\/boreart.mahlea.ca\/en\/?s={search_term_string}"},"query-input":{"@type":"PropertyValueSpecification","valueRequired":true,"valueName":"search_term_string"}}],"inLanguage":"fr-FR"}]}},"_links":{"self":[{"href":"https:\/\/boreart.mahlea.ca\/fr\/wp-json\/wp\/v2\/pages\/73","targetHints":{"allow":["GET"]}}],"collection":[{"href":"https:\/\/boreart.mahlea.ca\/fr\/wp-json\/wp\/v2\/pages"}],"about":[{"href":"https:\/\/boreart.mahlea.ca\/fr\/wp-json\/wp\/v2\/types\/page"}],"author":[{"embeddable":true,"href":"https:\/\/boreart.mahlea.ca\/fr\/wp-json\/wp\/v2\/users\/1"}],"replies":[{"embeddable":true,"href":"https:\/\/boreart.mahlea.ca\/fr\/wp-json\/wp\/v2\/comments?post=73"}],"version-history":[{"count":9,"href":"https:\/\/boreart.mahlea.ca\/fr\/wp-json\/wp\/v2\/pages\/73\/revisions"}],"predecessor-version":[{"id":1257,"href":"https:\/\/boreart.mahlea.ca\/fr\/wp-json\/wp\/v2\/pages\/73\/revisions\/1257"}],"wp:attachment":[{"href":"https:\/\/boreart.mahlea.ca\/fr\/wp-json\/wp\/v2\/media?parent=73"}],"curies":[{"name":"wp","href":"https:\/\/api.w.org\/{rel}","templated":true}]}}