{"id":795,"date":"2025-09-15T13:09:26","date_gmt":"2025-09-15T17:09:26","guid":{"rendered":"https:\/\/boreart.mahlea.ca\/nos-produits\/privacy-panels\/b1\/"},"modified":"2025-09-26T12:43:44","modified_gmt":"2025-09-26T16:43:44","slug":"b1","status":"publish","type":"page","link":"https:\/\/boreart.mahlea.ca\/fr\/nos-produits\/privacy-panels\/b1\/","title":{"rendered":"B1"},"content":{"rendered":"\n<p>Con\u00e7ue en aluminium de qualit\u00e9 industrielle, notre jardini\u00e8re apporte une touche d&rsquo;\u00e9l\u00e9gance \u00e0 votre espace ext\u00e9rieur tout en conservant sa r\u00e9sistance et sa durabilit\u00e9. Disponible en noir et en blanc, le mod\u00e8le B1 s&rsquo;int\u00e8gre parfaitement \u00e0 votre am\u00e9nagement paysager.<\/p>\n\n\n\n<p><\/p>\n","protected":false},"excerpt":{"rendered":"<p>Con\u00e7ue en aluminium de qualit\u00e9 industrielle, notre jardini\u00e8re apporte une touche d&rsquo;\u00e9l\u00e9gance \u00e0 votre espace ext\u00e9rieur tout en conservant sa r\u00e9sistance et sa durabilit\u00e9. Disponible en noir et en blanc, le mod\u00e8le B1 s&rsquo;int\u00e8gre parfaitement \u00e0 votre am\u00e9nagement paysager.<\/p>\n","protected":false},"author":3,"featured_media":0,"parent":783,"menu_order":3,"comment_status":"closed","ping_status":"closed","template":"product_item.php","meta":{"_acf_changed":false,"footnotes":""},"class_list":["post-795","page","type-page","status-publish","hentry"],"acf":[],"yoast_head":"<!-- This site is optimized with the Yoast SEO plugin v26.0 - https:\/\/yoast.com\/wordpress\/plugins\/seo\/ -->\n<title>B1 - Boreart | Con\u00e7us pour les architectes<\/title>\n<meta name=\"robots\" content=\"index, follow, max-snippet:-1, max-image-preview:large, max-video-preview:-1\" \/>\n<link rel=\"canonical\" href=\"https:\/\/boreart.mahlea.ca\/en\/our-products\/privacy-panels\/b1\/\" \/>\n<meta property=\"og:locale\" content=\"fr_FR\" \/>\n<meta property=\"og:type\" content=\"article\" \/>\n<meta property=\"og:title\" content=\"B1 - Boreart | Con\u00e7us pour les architectes\" \/>\n<meta property=\"og:description\" content=\"Con\u00e7ue en aluminium de qualit\u00e9 industrielle, notre jardini\u00e8re apporte une touche d&rsquo;\u00e9l\u00e9gance \u00e0 votre espace ext\u00e9rieur tout en conservant sa r\u00e9sistance et sa durabilit\u00e9. Disponible en noir et en blanc, le mod\u00e8le B1 s&rsquo;int\u00e8gre parfaitement \u00e0 votre am\u00e9nagement paysager.\" \/>\n<meta property=\"og:url\" content=\"https:\/\/boreart.mahlea.ca\/en\/our-products\/privacy-panels\/b1\/\" \/>\n<meta property=\"og:site_name\" content=\"Boreart | Con\u00e7us pour les architectes\" \/>\n<meta property=\"article:modified_time\" content=\"2025-09-26T16:43:44+00:00\" \/>\n<meta name=\"twitter:card\" content=\"summary_large_image\" \/>\n<script type=\"application\/ld+json\" class=\"yoast-schema-graph\">{\"@context\":\"https:\/\/schema.org\",\"@graph\":[{\"@type\":\"WebPage\",\"@id\":\"https:\/\/boreart.mahlea.ca\/en\/our-products\/privacy-panels\/b1\/\",\"url\":\"https:\/\/boreart.mahlea.ca\/en\/our-products\/privacy-panels\/b1\/\",\"name\":\"B1 - Boreart | Con\u00e7us pour les architectes\",\"isPartOf\":{\"@id\":\"https:\/\/boreart.mahlea.ca\/en\/#website\"},\"datePublished\":\"2025-09-15T17:09:26+00:00\",\"dateModified\":\"2025-09-26T16:43:44+00:00\",\"breadcrumb\":{\"@id\":\"https:\/\/boreart.mahlea.ca\/en\/our-products\/privacy-panels\/b1\/#breadcrumb\"},\"inLanguage\":\"fr-FR\",\"potentialAction\":[{\"@type\":\"ReadAction\",\"target\":[\"https:\/\/boreart.mahlea.ca\/en\/our-products\/privacy-panels\/b1\/\"]}]},{\"@type\":\"BreadcrumbList\",\"@id\":\"https:\/\/boreart.mahlea.ca\/en\/our-products\/privacy-panels\/b1\/#breadcrumb\",\"itemListElement\":[{\"@type\":\"ListItem\",\"position\":1,\"name\":\"Home\",\"item\":\"https:\/\/boreart.mahlea.ca\/fr\/\"},{\"@type\":\"ListItem\",\"position\":2,\"name\":\"Nos produits\",\"item\":\"https:\/\/boreart.mahlea.ca\/fr\/nos-produits\/\"},{\"@type\":\"ListItem\",\"position\":3,\"name\":\"\u00c9crans d&#8217;intimit\u00e9\",\"item\":\"https:\/\/boreart.mahlea.ca\/en\/our-products\/privacy-panels\/\"},{\"@type\":\"ListItem\",\"position\":4,\"name\":\"B1\"}]},{\"@type\":\"WebSite\",\"@id\":\"https:\/\/boreart.mahlea.ca\/en\/#website\",\"url\":\"https:\/\/boreart.mahlea.ca\/en\/\",\"name\":\"Boreart | Con\u00e7us pour les architectes\",\"description\":\"\",\"potentialAction\":[{\"@type\":\"SearchAction\",\"target\":{\"@type\":\"EntryPoint\",\"urlTemplate\":\"https:\/\/boreart.mahlea.ca\/en\/?s={search_term_string}\"},\"query-input\":{\"@type\":\"PropertyValueSpecification\",\"valueRequired\":true,\"valueName\":\"search_term_string\"}}],\"inLanguage\":\"fr-FR\"}]}<\/script>\n<!-- \/ Yoast SEO plugin. -->","yoast_head_json":{"title":"B1 - Boreart | Con\u00e7us pour les architectes","robots":{"index":"index","follow":"follow","max-snippet":"max-snippet:-1","max-image-preview":"max-image-preview:large","max-video-preview":"max-video-preview:-1"},"canonical":"https:\/\/boreart.mahlea.ca\/en\/our-products\/privacy-panels\/b1\/","og_locale":"fr_FR","og_type":"article","og_title":"B1 - Boreart | Con\u00e7us pour les architectes","og_description":"Con\u00e7ue en aluminium de qualit\u00e9 industrielle, notre jardini\u00e8re apporte une touche d&rsquo;\u00e9l\u00e9gance \u00e0 votre espace ext\u00e9rieur tout en conservant sa r\u00e9sistance et sa durabilit\u00e9. Disponible en noir et en blanc, le mod\u00e8le B1 s&rsquo;int\u00e8gre parfaitement \u00e0 votre am\u00e9nagement paysager.","og_url":"https:\/\/boreart.mahlea.ca\/en\/our-products\/privacy-panels\/b1\/","og_site_name":"Boreart | Con\u00e7us pour les architectes","article_modified_time":"2025-09-26T16:43:44+00:00","twitter_card":"summary_large_image","schema":{"@context":"https:\/\/schema.org","@graph":[{"@type":"WebPage","@id":"https:\/\/boreart.mahlea.ca\/en\/our-products\/privacy-panels\/b1\/","url":"https:\/\/boreart.mahlea.ca\/en\/our-products\/privacy-panels\/b1\/","name":"B1 - Boreart | Con\u00e7us pour les architectes","isPartOf":{"@id":"https:\/\/boreart.mahlea.ca\/en\/#website"},"datePublished":"2025-09-15T17:09:26+00:00","dateModified":"2025-09-26T16:43:44+00:00","breadcrumb":{"@id":"https:\/\/boreart.mahlea.ca\/en\/our-products\/privacy-panels\/b1\/#breadcrumb"},"inLanguage":"fr-FR","potentialAction":[{"@type":"ReadAction","target":["https:\/\/boreart.mahlea.ca\/en\/our-products\/privacy-panels\/b1\/"]}]},{"@type":"BreadcrumbList","@id":"https:\/\/boreart.mahlea.ca\/en\/our-products\/privacy-panels\/b1\/#breadcrumb","itemListElement":[{"@type":"ListItem","position":1,"name":"Home","item":"https:\/\/boreart.mahlea.ca\/fr\/"},{"@type":"ListItem","position":2,"name":"Nos produits","item":"https:\/\/boreart.mahlea.ca\/fr\/nos-produits\/"},{"@type":"ListItem","position":3,"name":"\u00c9crans d&#8217;intimit\u00e9","item":"https:\/\/boreart.mahlea.ca\/en\/our-products\/privacy-panels\/"},{"@type":"ListItem","position":4,"name":"B1"}]},{"@type":"WebSite","@id":"https:\/\/boreart.mahlea.ca\/en\/#website","url":"https:\/\/boreart.mahlea.ca\/en\/","name":"Boreart | Con\u00e7us pour les architectes","description":"","potentialAction":[{"@type":"SearchAction","target":{"@type":"EntryPoint","urlTemplate":"https:\/\/boreart.mahlea.ca\/en\/?s={search_term_string}"},"query-input":{"@type":"PropertyValueSpecification","valueRequired":true,"valueName":"search_term_string"}}],"inLanguage":"fr-FR"}]}},"_links":{"self":[{"href":"https:\/\/boreart.mahlea.ca\/fr\/wp-json\/wp\/v2\/pages\/795","targetHints":{"allow":["GET"]}}],"collection":[{"href":"https:\/\/boreart.mahlea.ca\/fr\/wp-json\/wp\/v2\/pages"}],"about":[{"href":"https:\/\/boreart.mahlea.ca\/fr\/wp-json\/wp\/v2\/types\/page"}],"author":[{"embeddable":true,"href":"https:\/\/boreart.mahlea.ca\/fr\/wp-json\/wp\/v2\/users\/3"}],"replies":[{"embeddable":true,"href":"https:\/\/boreart.mahlea.ca\/fr\/wp-json\/wp\/v2\/comments?post=795"}],"version-history":[{"count":2,"href":"https:\/\/boreart.mahlea.ca\/fr\/wp-json\/wp\/v2\/pages\/795\/revisions"}],"predecessor-version":[{"id":1198,"href":"https:\/\/boreart.mahlea.ca\/fr\/wp-json\/wp\/v2\/pages\/795\/revisions\/1198"}],"up":[{"embeddable":true,"href":"https:\/\/boreart.mahlea.ca\/fr\/wp-json\/wp\/v2\/pages\/783"}],"wp:attachment":[{"href":"https:\/\/boreart.mahlea.ca\/fr\/wp-json\/wp\/v2\/media?parent=795"}],"curies":[{"name":"wp","href":"https:\/\/api.w.org\/{rel}","templated":true}]}}