{"id":825,"date":"2025-09-15T13:02:05","date_gmt":"2025-09-15T17:02:05","guid":{"rendered":"https:\/\/boreart.mahlea.ca\/nos-produits\/ornamental-ventilation-grilles\/v2-chevron\/"},"modified":"2025-09-26T11:17:20","modified_gmt":"2025-09-26T15:17:20","slug":"v2-chevron","status":"publish","type":"page","link":"https:\/\/boreart.mahlea.ca\/fr\/nos-produits\/ornamental-ventilation-grilles\/v2-chevron\/","title":{"rendered":"V2 &#8211; Chevron"},"content":{"rendered":"\n<p>Nos grilles de ventilation sont con\u00e7ues pour ne plus \u00eatre dissimul\u00e9es, mais mises en valeur comme de v\u00e9ritables \u0153uvres murales. Inspir\u00e9es de motifs multiculturels, elles transforment un \u00e9l\u00e9ment utilitaire en pi\u00e8ce ma\u00eetresse d\u00e9corative, \u00e0 la fois fonctionnelle et artistique. Osez montrer ce que d\u2019autres cherchent \u00e0 cacher.<\/p>\n\n\n\n<ul class=\"wp-block-list\">\n<li>Construction en ACIER<\/li>\n\n\n\n<li>Finition thermolaqu\u00e9e r\u00e9sistante aux \u00e9gratignures, \u00e0 la rouille et \u00e0 l\u2019humidit\u00e9<\/li>\n\n\n\n<li>Motif de CHEVRON unique et \u00e9l\u00e9gant<\/li>\n\n\n\n<li>Installation facile<\/li>\n\n\n\n<li>Assure une circulation d\u2019air optimale<\/li>\n\n\n\n<li>Les vis sont comprises<\/li>\n<\/ul>\n\n\n\n<p><\/p>\n","protected":false},"excerpt":{"rendered":"<p>Nos grilles de ventilation sont con\u00e7ues pour ne plus \u00eatre dissimul\u00e9es, mais mises en valeur comme de v\u00e9ritables \u0153uvres murales. Inspir\u00e9es de motifs multiculturels, elles transforment un \u00e9l\u00e9ment utilitaire en pi\u00e8ce ma\u00eetresse d\u00e9corative, \u00e0 la fois fonctionnelle et artistique. Osez montrer ce que d\u2019autres cherchent \u00e0 cacher.<\/p>\n","protected":false},"author":3,"featured_media":0,"parent":780,"menu_order":8,"comment_status":"closed","ping_status":"closed","template":"product_item.php","meta":{"_acf_changed":false,"footnotes":""},"class_list":["post-825","page","type-page","status-publish","hentry"],"acf":[],"yoast_head":"<!-- This site is optimized with the Yoast SEO plugin v26.0 - https:\/\/yoast.com\/wordpress\/plugins\/seo\/ -->\n<title>V2 - Chevron - Boreart | Con\u00e7us pour les architectes<\/title>\n<meta name=\"robots\" content=\"index, follow, max-snippet:-1, max-image-preview:large, max-video-preview:-1\" \/>\n<link rel=\"canonical\" href=\"https:\/\/boreart.mahlea.ca\/en\/our-products\/ornamental-ventilation-grilles\/v2-chevron\/\" \/>\n<meta property=\"og:locale\" content=\"fr_FR\" \/>\n<meta property=\"og:type\" content=\"article\" \/>\n<meta property=\"og:title\" content=\"V2 - Chevron - Boreart | Con\u00e7us pour les architectes\" \/>\n<meta property=\"og:description\" content=\"Nos grilles de ventilation sont con\u00e7ues pour ne plus \u00eatre dissimul\u00e9es, mais mises en valeur comme de v\u00e9ritables \u0153uvres murales. Inspir\u00e9es de motifs multiculturels, elles transforment un \u00e9l\u00e9ment utilitaire en pi\u00e8ce ma\u00eetresse d\u00e9corative, \u00e0 la fois fonctionnelle et artistique. Osez montrer ce que d\u2019autres cherchent \u00e0 cacher.\" \/>\n<meta property=\"og:url\" content=\"https:\/\/boreart.mahlea.ca\/en\/our-products\/ornamental-ventilation-grilles\/v2-chevron\/\" \/>\n<meta property=\"og:site_name\" content=\"Boreart | Con\u00e7us pour les architectes\" \/>\n<meta property=\"article:modified_time\" content=\"2025-09-26T15:17:20+00:00\" \/>\n<meta name=\"twitter:card\" content=\"summary_large_image\" \/>\n<script type=\"application\/ld+json\" class=\"yoast-schema-graph\">{\"@context\":\"https:\/\/schema.org\",\"@graph\":[{\"@type\":\"WebPage\",\"@id\":\"https:\/\/boreart.mahlea.ca\/en\/our-products\/ornamental-ventilation-grilles\/v2-chevron\/\",\"url\":\"https:\/\/boreart.mahlea.ca\/en\/our-products\/ornamental-ventilation-grilles\/v2-chevron\/\",\"name\":\"V2 - Chevron - Boreart | Con\u00e7us pour les architectes\",\"isPartOf\":{\"@id\":\"https:\/\/boreart.mahlea.ca\/en\/#website\"},\"datePublished\":\"2025-09-15T17:02:05+00:00\",\"dateModified\":\"2025-09-26T15:17:20+00:00\",\"breadcrumb\":{\"@id\":\"https:\/\/boreart.mahlea.ca\/en\/our-products\/ornamental-ventilation-grilles\/v2-chevron\/#breadcrumb\"},\"inLanguage\":\"fr-FR\",\"potentialAction\":[{\"@type\":\"ReadAction\",\"target\":[\"https:\/\/boreart.mahlea.ca\/en\/our-products\/ornamental-ventilation-grilles\/v2-chevron\/\"]}]},{\"@type\":\"BreadcrumbList\",\"@id\":\"https:\/\/boreart.mahlea.ca\/en\/our-products\/ornamental-ventilation-grilles\/v2-chevron\/#breadcrumb\",\"itemListElement\":[{\"@type\":\"ListItem\",\"position\":1,\"name\":\"Home\",\"item\":\"https:\/\/boreart.mahlea.ca\/fr\/\"},{\"@type\":\"ListItem\",\"position\":2,\"name\":\"Nos produits\",\"item\":\"https:\/\/boreart.mahlea.ca\/fr\/nos-produits\/\"},{\"@type\":\"ListItem\",\"position\":3,\"name\":\"Grilles de ventilation ornementales\",\"item\":\"https:\/\/boreart.mahlea.ca\/fr\/nos-produits\/ornamental-ventilation-grilles\/\"},{\"@type\":\"ListItem\",\"position\":4,\"name\":\"V2 &#8211; Chevron\"}]},{\"@type\":\"WebSite\",\"@id\":\"https:\/\/boreart.mahlea.ca\/en\/#website\",\"url\":\"https:\/\/boreart.mahlea.ca\/en\/\",\"name\":\"Boreart | Con\u00e7us pour les architectes\",\"description\":\"\",\"potentialAction\":[{\"@type\":\"SearchAction\",\"target\":{\"@type\":\"EntryPoint\",\"urlTemplate\":\"https:\/\/boreart.mahlea.ca\/en\/?s={search_term_string}\"},\"query-input\":{\"@type\":\"PropertyValueSpecification\",\"valueRequired\":true,\"valueName\":\"search_term_string\"}}],\"inLanguage\":\"fr-FR\"}]}<\/script>\n<!-- \/ Yoast SEO plugin. -->","yoast_head_json":{"title":"V2 - Chevron - Boreart | Con\u00e7us pour les architectes","robots":{"index":"index","follow":"follow","max-snippet":"max-snippet:-1","max-image-preview":"max-image-preview:large","max-video-preview":"max-video-preview:-1"},"canonical":"https:\/\/boreart.mahlea.ca\/en\/our-products\/ornamental-ventilation-grilles\/v2-chevron\/","og_locale":"fr_FR","og_type":"article","og_title":"V2 - Chevron - Boreart | Con\u00e7us pour les architectes","og_description":"Nos grilles de ventilation sont con\u00e7ues pour ne plus \u00eatre dissimul\u00e9es, mais mises en valeur comme de v\u00e9ritables \u0153uvres murales. Inspir\u00e9es de motifs multiculturels, elles transforment un \u00e9l\u00e9ment utilitaire en pi\u00e8ce ma\u00eetresse d\u00e9corative, \u00e0 la fois fonctionnelle et artistique. Osez montrer ce que d\u2019autres cherchent \u00e0 cacher.","og_url":"https:\/\/boreart.mahlea.ca\/en\/our-products\/ornamental-ventilation-grilles\/v2-chevron\/","og_site_name":"Boreart | Con\u00e7us pour les architectes","article_modified_time":"2025-09-26T15:17:20+00:00","twitter_card":"summary_large_image","schema":{"@context":"https:\/\/schema.org","@graph":[{"@type":"WebPage","@id":"https:\/\/boreart.mahlea.ca\/en\/our-products\/ornamental-ventilation-grilles\/v2-chevron\/","url":"https:\/\/boreart.mahlea.ca\/en\/our-products\/ornamental-ventilation-grilles\/v2-chevron\/","name":"V2 - Chevron - Boreart | Con\u00e7us pour les architectes","isPartOf":{"@id":"https:\/\/boreart.mahlea.ca\/en\/#website"},"datePublished":"2025-09-15T17:02:05+00:00","dateModified":"2025-09-26T15:17:20+00:00","breadcrumb":{"@id":"https:\/\/boreart.mahlea.ca\/en\/our-products\/ornamental-ventilation-grilles\/v2-chevron\/#breadcrumb"},"inLanguage":"fr-FR","potentialAction":[{"@type":"ReadAction","target":["https:\/\/boreart.mahlea.ca\/en\/our-products\/ornamental-ventilation-grilles\/v2-chevron\/"]}]},{"@type":"BreadcrumbList","@id":"https:\/\/boreart.mahlea.ca\/en\/our-products\/ornamental-ventilation-grilles\/v2-chevron\/#breadcrumb","itemListElement":[{"@type":"ListItem","position":1,"name":"Home","item":"https:\/\/boreart.mahlea.ca\/fr\/"},{"@type":"ListItem","position":2,"name":"Nos produits","item":"https:\/\/boreart.mahlea.ca\/fr\/nos-produits\/"},{"@type":"ListItem","position":3,"name":"Grilles de ventilation ornementales","item":"https:\/\/boreart.mahlea.ca\/fr\/nos-produits\/ornamental-ventilation-grilles\/"},{"@type":"ListItem","position":4,"name":"V2 &#8211; Chevron"}]},{"@type":"WebSite","@id":"https:\/\/boreart.mahlea.ca\/en\/#website","url":"https:\/\/boreart.mahlea.ca\/en\/","name":"Boreart | Con\u00e7us pour les architectes","description":"","potentialAction":[{"@type":"SearchAction","target":{"@type":"EntryPoint","urlTemplate":"https:\/\/boreart.mahlea.ca\/en\/?s={search_term_string}"},"query-input":{"@type":"PropertyValueSpecification","valueRequired":true,"valueName":"search_term_string"}}],"inLanguage":"fr-FR"}]}},"_links":{"self":[{"href":"https:\/\/boreart.mahlea.ca\/fr\/wp-json\/wp\/v2\/pages\/825","targetHints":{"allow":["GET"]}}],"collection":[{"href":"https:\/\/boreart.mahlea.ca\/fr\/wp-json\/wp\/v2\/pages"}],"about":[{"href":"https:\/\/boreart.mahlea.ca\/fr\/wp-json\/wp\/v2\/types\/page"}],"author":[{"embeddable":true,"href":"https:\/\/boreart.mahlea.ca\/fr\/wp-json\/wp\/v2\/users\/3"}],"replies":[{"embeddable":true,"href":"https:\/\/boreart.mahlea.ca\/fr\/wp-json\/wp\/v2\/comments?post=825"}],"version-history":[{"count":6,"href":"https:\/\/boreart.mahlea.ca\/fr\/wp-json\/wp\/v2\/pages\/825\/revisions"}],"predecessor-version":[{"id":1179,"href":"https:\/\/boreart.mahlea.ca\/fr\/wp-json\/wp\/v2\/pages\/825\/revisions\/1179"}],"up":[{"embeddable":true,"href":"https:\/\/boreart.mahlea.ca\/fr\/wp-json\/wp\/v2\/pages\/780"}],"wp:attachment":[{"href":"https:\/\/boreart.mahlea.ca\/fr\/wp-json\/wp\/v2\/media?parent=825"}],"curies":[{"name":"wp","href":"https:\/\/api.w.org\/{rel}","templated":true}]}}